{"id":71,"date":"2025-08-03T12:48:53","date_gmt":"2025-08-03T10:48:53","guid":{"rendered":"https:\/\/cleanersberlin.de\/?page_id=71"},"modified":"2025-11-03T20:54:12","modified_gmt":"2025-11-03T19:54:12","slug":"datenschutz","status":"publish","type":"page","link":"https:\/\/cleanersberlin.de\/de\/datenschutz\/","title":{"rendered":"Impressum"},"content":{"rendered":"<div data-elementor-type=\"wp-page\" data-elementor-id=\"71\" class=\"elementor elementor-71\" data-elementor-post-type=\"page\">\n\t\t\t\t<div data-particle_enable=\"false\" data-particle-mobile-disabled=\"false\" class=\"elementor-element elementor-element-25e27734 e-flex e-con-boxed wpr-particle-no wpr-jarallax-no wpr-parallax-no wpr-sticky-section-no e-con e-parent\" data-id=\"25e27734\" data-element_type=\"container\" data-settings=\"{&quot;background_background&quot;:&quot;gradient&quot;,&quot;sticky&quot;:&quot;top&quot;,&quot;sticky_on&quot;:[&quot;desktop&quot;,&quot;tablet&quot;,&quot;mobile&quot;],&quot;sticky_offset&quot;:0,&quot;sticky_effects_offset&quot;:0,&quot;sticky_anchor_link_offset&quot;:0}\">\n\t\t\t\t\t<div class=\"e-con-inner\">\n\t\t<div data-particle_enable=\"false\" data-particle-mobile-disabled=\"false\" class=\"elementor-element elementor-element-7dc7bc77 e-con-full e-flex wpr-particle-no wpr-jarallax-no wpr-parallax-no wpr-sticky-section-no e-con e-child\" data-id=\"7dc7bc77\" data-element_type=\"container\">\n\t\t\t\t<div class=\"elementor-element elementor-element-2a40a530 elementor-widget elementor-widget-image\" data-id=\"2a40a530\" data-element_type=\"widget\" data-settings=\"{&quot;sticky&quot;:&quot;top&quot;,&quot;sticky_on&quot;:[&quot;desktop&quot;,&quot;tablet&quot;,&quot;mobile&quot;],&quot;sticky_offset&quot;:0,&quot;sticky_effects_offset&quot;:0,&quot;sticky_anchor_link_offset&quot;:0}\" data-widget_type=\"image.default\">\n\t\t\t\t\t\t\t\t\t\t\t\t\t\t\t\t<a href=\"https:\/\/cleanersberlin.de\/de\/\">\n\t\t\t\t\t\t\t<img fetchpriority=\"high\" decoding=\"async\" width=\"800\" height=\"325\" src=\"https:\/\/cleanersberlin.de\/wp-content\/uploads\/2025\/08\/Logo-scaled-1-1-1024x416.png\" class=\"elementor-animation-shrink attachment-large size-large wp-image-586\" alt=\"\" srcset=\"https:\/\/cleanersberlin.de\/wp-content\/uploads\/2025\/08\/Logo-scaled-1-1-1024x416.png 1024w, https:\/\/cleanersberlin.de\/wp-content\/uploads\/2025\/08\/Logo-scaled-1-1-300x122.png 300w, https:\/\/cleanersberlin.de\/wp-content\/uploads\/2025\/08\/Logo-scaled-1-1-768x312.png 768w, https:\/\/cleanersberlin.de\/wp-content\/uploads\/2025\/08\/Logo-scaled-1-1-1536x625.png 1536w, https:\/\/cleanersberlin.de\/wp-content\/uploads\/2025\/08\/Logo-scaled-1-1-2048x833.png 2048w, https:\/\/cleanersberlin.de\/wp-content\/uploads\/2025\/08\/Logo-scaled-1-1-18x7.png 18w, https:\/\/cleanersberlin.de\/wp-content\/uploads\/2025\/08\/Logo-scaled-1-1.png 1920w\" sizes=\"(max-width: 800px) 100vw, 800px\" \/>\t\t\t\t\t\t\t\t<\/a>\n\t\t\t\t\t\t\t\t\t\t\t\t\t\t\t<\/div>\n\t\t\t\t<\/div>\n\t\t<div data-particle_enable=\"false\" data-particle-mobile-disabled=\"false\" class=\"elementor-element elementor-element-22696428 e-con-full e-flex wpr-particle-no wpr-jarallax-no wpr-parallax-no wpr-sticky-section-no e-con e-child\" data-id=\"22696428\" data-element_type=\"container\">\n\t\t\t\t<\/div>\n\t\t\t\t\t<\/div>\n\t\t\t\t<\/div>\n\t\t<div data-particle_enable=\"false\" data-particle-mobile-disabled=\"false\" class=\"elementor-element elementor-element-1a600aa e-con-full e-flex wpr-particle-no wpr-jarallax-no wpr-parallax-no wpr-sticky-section-no e-con e-parent\" data-id=\"1a600aa\" data-element_type=\"container\" data-settings=\"{&quot;background_background&quot;:&quot;classic&quot;}\">\n\t\t\t\t<div class=\"elementor-element elementor-element-6e7925bd elementor-widget elementor-widget-spacer\" data-id=\"6e7925bd\" data-element_type=\"widget\" data-widget_type=\"spacer.default\">\n\t\t\t\t\t\t\t<div class=\"elementor-spacer\">\n\t\t\t<div class=\"elementor-spacer-inner\"><\/div>\n\t\t<\/div>\n\t\t\t\t\t\t<\/div>\n\t\t\t\t<div class=\"elementor-element elementor-element-049fb73 elementor-widget elementor-widget-html\" data-id=\"049fb73\" data-element_type=\"widget\" data-widget_type=\"html.default\">\n\t\t\t\t\t<meta name=\"robots\" content=\"noindex, follow\">\n\n<meta name=\"robots\" content=\"noindex\" \/>\t\t\t\t<\/div>\n\t\t\t\t<div class=\"elementor-element elementor-element-6fd1960d elementor-widget elementor-widget-heading\" data-id=\"6fd1960d\" data-element_type=\"widget\" data-widget_type=\"heading.default\">\n\t\t\t\t\t<h2 class=\"elementor-heading-title elementor-size-default\">Impressum<\/h2>\t\t\t\t<\/div>\n\t\t\t\t<div class=\"elementor-element elementor-element-53bff1fd elementor-widget elementor-widget-spacer\" data-id=\"53bff1fd\" data-element_type=\"widget\" data-widget_type=\"spacer.default\">\n\t\t\t\t\t\t\t<div class=\"elementor-spacer\">\n\t\t\t<div class=\"elementor-spacer-inner\"><\/div>\n\t\t<\/div>\n\t\t\t\t\t\t<\/div>\n\t\t\t\t<div class=\"elementor-element elementor-element-cca8e7d elementor-widget elementor-widget-text-editor\" data-id=\"cca8e7d\" data-element_type=\"widget\" data-widget_type=\"text-editor.default\">\n\t\t\t\t\t\t\t\t\t<p><span style=\"color: #281e6e;\">CleanersBerlin <br \/>Mariusz Swierkowski <br \/>+49(0) 174 244 66 24<\/span> <br \/><span style=\"color: #281e6e;\">Kienhorststr. 150<\/span><br \/><span style=\"color: &lt;br&gt;#281e6e;\">13403 Berlin<\/span><\/p><p><span style=\"color: #281e6e;\"><strong>Vertreten durch: <\/strong><\/span><\/p><p><strong>\u00a0<\/strong><\/p><p>\u00a0<\/p><p><span style=\"color: #281e6e;\">Mariusz Swierkowski <br \/>Elvira Madrezki <\/span><\/p><h2><span style=\"color: #281e6e;\">Kontakt<\/span><\/h2><p><span style=\"color: #281e6e;\">Telefon: 01742446624<\/span>\u00a0\u00a0<span style=\"color: #281e6e;\">E-Mail: info@cleanersberlin.de<\/span><\/p><h2><span style=\"color: #281e6e;\">Redaktionell verantwortlich<\/span><\/h2><p><span style=\"color: #281e6e;\">CleanersBerlin<\/span><br \/>Mariusz Swierkowski<br \/><span style=\"color: #281e6e;\">Kienhorststr. 150<\/span><br \/><span style=\"color: #281e6e;\">13403 Berlin<\/span><\/p><h2><span style=\"color: #281e6e;\">Verbraucher\u00adstreit\u00adbeilegung\/Universal\u00adschlichtungs\u00adstelle<\/span><\/h2><p><span style=\"color: #281e6e;\">Wir sind nicht bereit oder verpflichtet, an Streitbeilegungsverfahren vor einer Verbraucherschlichtungsstelle teilzunehmen.<\/span><\/p><h2><span style=\"color: #281e6e;\">Zentrale Kontaktstelle nach dem Digital Services Act &#8211; DSA (Verordnung (EU) 2022\/265)<\/span><\/h2><p><span style=\"color: #281e6e;\">Unsere zentrale Kontaktstelle f\u00fcr Nutzer und Beh\u00f6rden nach Art. 11, 12 DSA erreichen Sie wie folgt:<\/span><\/p><p><span style=\"color: #281e6e;\">E-Mail: info@cleanersberlin.de<\/span><br \/><span style=\"color: #281e6e;\">Telefon: 01742446624<\/span><\/p><p><span style=\"color: #281e6e;\">Die f\u00fcr den Kontakt zur Verf\u00fcgung stehenden Sprachen sind: Deutsch, Englisch.<\/span><\/p><p><span style=\"color: #281e6e;\">Quelle: <a style=\"color: #281e6e;\" href=\"https:\/\/www.e-recht24.de\/impressum-generator.html\">https:\/\/www.e-recht24.de\/impressum-generator.html<\/a><\/span><\/p>\t\t\t\t\t\t\t\t<\/div>\n\t\t\t\t<\/div>\n\t\t<div data-particle_enable=\"false\" data-particle-mobile-disabled=\"false\" class=\"elementor-element elementor-element-5612d7ba w e-flex e-con-boxed wpr-particle-no wpr-jarallax-no wpr-parallax-no wpr-sticky-section-no e-con e-parent\" data-id=\"5612d7ba\" data-element_type=\"container\" data-settings=\"{&quot;background_background&quot;:&quot;gradient&quot;,&quot;shape_divider_bottom&quot;:&quot;arrow&quot;}\">\n\t\t\t\t\t<div class=\"e-con-inner\">\n\t\t\t\t<div class=\"elementor-shape elementor-shape-bottom\" aria-hidden=\"true\" data-negative=\"false\">\n\t\t\t<svg xmlns=\"http:\/\/www.w3.org\/2000\/svg\" viewbox=\"0 0 700 10\" preserveaspectratio=\"none\">\n\t<path class=\"elementor-shape-fill\" d=\"M350,10L340,0h20L350,10z\"\/>\n<\/svg>\t\t<\/div>\n\t\t<div data-particle_enable=\"false\" data-particle-mobile-disabled=\"false\" class=\"elementor-element elementor-element-2cfdb63d e-con-full e-flex wpr-particle-no wpr-jarallax-no wpr-parallax-no wpr-sticky-section-no e-con e-child\" data-id=\"2cfdb63d\" data-element_type=\"container\">\n\t\t\t\t<div class=\"elementor-element elementor-element-32bfaf4e elementor-widget elementor-widget-text-editor\" data-id=\"32bfaf4e\" data-element_type=\"widget\" data-widget_type=\"text-editor.default\">\n\t\t\t\t\t\t\t\t\t<p><span style=\"color: #ffffff;\"><a style=\"color: #ffffff;\" href=\"https:\/\/cleanersberlin.de\/de\/datenschutz\/\">Impressum<\/a> | <a style=\"color: #ffffff;\" href=\"https:\/\/cleanersberlin.de\/de\/datenschutz-1\/\">Datenschutz<\/a>\u00a0<\/span><\/p>\t\t\t\t\t\t\t\t<\/div>\n\t\t\t\t<\/div>\n\t\t<div data-particle_enable=\"false\" data-particle-mobile-disabled=\"false\" class=\"elementor-element elementor-element-c2682 e-con-full e-flex wpr-particle-no wpr-jarallax-no wpr-parallax-no wpr-sticky-section-no e-con e-child\" data-id=\"c2682\" data-element_type=\"container\">\n\t\t\t\t<div class=\"elementor-element elementor-element-632ca2f5 elementor-widget elementor-widget-text-editor\" data-id=\"632ca2f5\" data-element_type=\"widget\" data-widget_type=\"text-editor.default\">\n\t\t\t\t\t\t\t\t\t<p>Webauftritt mit\u00a0erstellt mit <span style=\"color: #ff0000;\">\u2661<\/span> von:<\/p>\t\t\t\t\t\t\t\t<\/div>\n\t\t\t\t<div class=\"elementor-element elementor-element-1af82c elementor-widget elementor-widget-image\" data-id=\"1af82c\" data-element_type=\"widget\" data-widget_type=\"image.default\">\n\t\t\t\t\t\t\t\t\t\t\t\t\t\t\t\t<a href=\"https:\/\/urban-mpire.com\">\n\t\t\t\t\t\t\t<img decoding=\"async\" width=\"800\" height=\"200\" src=\"https:\/\/cleanersberlin.de\/wp-content\/uploads\/2025\/08\/das-opteamum-1-1024x256.png\" class=\"attachment-large size-large wp-image-683\" alt=\"\" srcset=\"https:\/\/cleanersberlin.de\/wp-content\/uploads\/2025\/08\/das-opteamum-1-1024x256.png 1024w, https:\/\/cleanersberlin.de\/wp-content\/uploads\/2025\/08\/das-opteamum-1-300x75.png 300w, https:\/\/cleanersberlin.de\/wp-content\/uploads\/2025\/08\/das-opteamum-1-768x192.png 768w, https:\/\/cleanersberlin.de\/wp-content\/uploads\/2025\/08\/das-opteamum-1-1536x384.png 1536w, https:\/\/cleanersberlin.de\/wp-content\/uploads\/2025\/08\/das-opteamum-1-18x5.png 18w, https:\/\/cleanersberlin.de\/wp-content\/uploads\/2025\/08\/das-opteamum-1.png 1920w\" sizes=\"(max-width: 800px) 100vw, 800px\" \/>\t\t\t\t\t\t\t\t<\/a>\n\t\t\t\t\t\t\t\t\t\t\t\t\t\t\t<\/div>\n\t\t\t\t<\/div>\n\t\t\t\t\t<\/div>\n\t\t\t\t<\/div>\n\t\t\t\t<\/div>","protected":false},"excerpt":{"rendered":"<p>Start Unser Angebot Galerie Kontakt Start Unser Angebot Galerie Kontakt Impressum CleanersBerlin Mariusz Swierkowski +49(0) 174 244 66 24 Kienhorststr. 15013403 Berlin Vertreten durch: \u00a0 \u00a0 Mariusz Swierkowski Elvira Madrezki Kontakt Telefon: 01742446624\u00a0\u00a0E-Mail: info@cleanersberlin.de Redaktionell verantwortlich CleanersBerlinMariusz SwierkowskiKienhorststr. 15013403 Berlin Verbraucher\u00adstreit\u00adbeilegung\/Universal\u00adschlichtungs\u00adstelle Wir sind nicht bereit oder verpflichtet, an Streitbeilegungsverfahren vor einer Verbraucherschlichtungsstelle teilzunehmen. Zentrale Kontaktstelle nach dem Digital Services Act &#8211; DSA (Verordnung (EU) 2022\/265) Unsere zentrale Kontaktstelle f\u00fcr Nutzer und Beh\u00f6rden nach Art. 11, 12 DSA erreichen Sie wie folgt: E-Mail: info@cleanersberlin.deTelefon: 01742446624 Die f\u00fcr den Kontakt zur Verf\u00fcgung stehenden Sprachen sind: Deutsch, Englisch. Quelle: https:\/\/www.e-recht24.de\/impressum-generator.html Impressum | Datenschutz\u00a0 Webauftritt mit\u00a0erstellt mit \u2661 von:<\/p>","protected":false},"author":1,"featured_media":0,"parent":0,"menu_order":0,"comment_status":"closed","ping_status":"closed","template":"elementor_canvas","meta":{"footnotes":""},"class_list":["post-71","page","type-page","status-publish"],"yoast_head":"<!-- This site is optimized with the Yoast SEO plugin v25.8 - https:\/\/yoast.com\/wordpress\/plugins\/seo\/ -->\n<title>Impressum - cleanersberlin<\/title>\n<meta name=\"robots\" content=\"noindex, follow\" \/>\n<meta property=\"og:locale\" content=\"de_DE\" \/>\n<meta property=\"og:type\" content=\"article\" \/>\n<meta property=\"og:title\" content=\"Impressum - cleanersberlin\" \/>\n<meta property=\"og:description\" content=\"Start Unser Angebot Galerie Kontakt Start Unser Angebot Galerie Kontakt Impressum CleanersBerlin Mariusz Swierkowski +49(0) 174 244 66 24 Kienhorststr. 15013403 Berlin Vertreten durch: \u00a0 \u00a0 Mariusz Swierkowski Elvira Madrezki Kontakt Telefon: 01742446624\u00a0\u00a0E-Mail: info@cleanersberlin.de Redaktionell verantwortlich CleanersBerlinMariusz SwierkowskiKienhorststr. 15013403 Berlin Verbraucher\u00adstreit\u00adbeilegung\/Universal\u00adschlichtungs\u00adstelle Wir sind nicht bereit oder verpflichtet, an Streitbeilegungsverfahren vor einer Verbraucherschlichtungsstelle teilzunehmen. Zentrale Kontaktstelle nach dem Digital Services Act &#8211; DSA (Verordnung (EU) 2022\/265) Unsere zentrale Kontaktstelle f\u00fcr Nutzer und Beh\u00f6rden nach Art. 11, 12 DSA erreichen Sie wie folgt: E-Mail: info@cleanersberlin.deTelefon: 01742446624 Die f\u00fcr den Kontakt zur Verf\u00fcgung stehenden Sprachen sind: Deutsch, Englisch. Quelle: https:\/\/www.e-recht24.de\/impressum-generator.html Impressum | Datenschutz\u00a0 Webauftritt mit\u00a0erstellt mit \u2661 von:\" \/>\n<meta property=\"og:url\" content=\"https:\/\/cleanersberlin.de\/de\/datenschutz\/\" \/>\n<meta property=\"og:site_name\" content=\"cleanersberlin\" \/>\n<meta property=\"article:modified_time\" content=\"2025-11-03T19:54:12+00:00\" \/>\n<meta property=\"og:image\" content=\"https:\/\/cleanersberlin.de\/wp-content\/uploads\/2025\/08\/Logo-scaled-1-1-1024x416.png\" \/>\n<meta name=\"twitter:card\" content=\"summary_large_image\" \/>\n<meta name=\"twitter:label1\" content=\"Gesch\u00e4tzte Lesezeit\" \/>\n\t<meta name=\"twitter:data1\" content=\"2\u00a0Minuten\" \/>\n<script type=\"application\/ld+json\" class=\"yoast-schema-graph\">{\"@context\":\"https:\/\/schema.org\",\"@graph\":[{\"@type\":\"WebPage\",\"@id\":\"https:\/\/cleanersberlin.de\/datenschutz\/\",\"url\":\"https:\/\/cleanersberlin.de\/datenschutz\/\",\"name\":\"Impressum - cleanersberlin\",\"isPartOf\":{\"@id\":\"https:\/\/cleanersberlin.de\/#website\"},\"primaryImageOfPage\":{\"@id\":\"https:\/\/cleanersberlin.de\/datenschutz\/#primaryimage\"},\"image\":{\"@id\":\"https:\/\/cleanersberlin.de\/datenschutz\/#primaryimage\"},\"thumbnailUrl\":\"https:\/\/cleanersberlin.de\/wp-content\/uploads\/2025\/08\/Logo-scaled-1-1-1024x416.png\",\"datePublished\":\"2025-08-03T10:48:53+00:00\",\"dateModified\":\"2025-11-03T19:54:12+00:00\",\"breadcrumb\":{\"@id\":\"https:\/\/cleanersberlin.de\/datenschutz\/#breadcrumb\"},\"inLanguage\":\"de\",\"potentialAction\":[{\"@type\":\"ReadAction\",\"target\":[\"https:\/\/cleanersberlin.de\/datenschutz\/\"]}]},{\"@type\":\"ImageObject\",\"inLanguage\":\"de\",\"@id\":\"https:\/\/cleanersberlin.de\/datenschutz\/#primaryimage\",\"url\":\"https:\/\/cleanersberlin.de\/wp-content\/uploads\/2025\/08\/Logo-scaled-1-1-1024x416.png\",\"contentUrl\":\"https:\/\/cleanersberlin.de\/wp-content\/uploads\/2025\/08\/Logo-scaled-1-1-1024x416.png\"},{\"@type\":\"BreadcrumbList\",\"@id\":\"https:\/\/cleanersberlin.de\/datenschutz\/#breadcrumb\",\"itemListElement\":[{\"@type\":\"ListItem\",\"position\":1,\"name\":\"Startseite\",\"item\":\"https:\/\/cleanersberlin.de\/\"},{\"@type\":\"ListItem\",\"position\":2,\"name\":\"Impressum\"}]},{\"@type\":\"WebSite\",\"@id\":\"https:\/\/cleanersberlin.de\/#website\",\"url\":\"https:\/\/cleanersberlin.de\/\",\"name\":\"cleanersberlin.de\",\"description\":\"Putzdienst + Gartenarbeit | so fresh so clean!\",\"publisher\":{\"@id\":\"https:\/\/cleanersberlin.de\/#organization\"},\"alternateName\":\"So fresh so clean mit Cleanersberlin!\",\"potentialAction\":[{\"@type\":\"SearchAction\",\"target\":{\"@type\":\"EntryPoint\",\"urlTemplate\":\"https:\/\/cleanersberlin.de\/?s={search_term_string}\"},\"query-input\":{\"@type\":\"PropertyValueSpecification\",\"valueRequired\":true,\"valueName\":\"search_term_string\"}}],\"inLanguage\":\"de\"},{\"@type\":\"Organization\",\"@id\":\"https:\/\/cleanersberlin.de\/#organization\",\"name\":\"cleanersberlin\",\"url\":\"https:\/\/cleanersberlin.de\/\",\"logo\":{\"@type\":\"ImageObject\",\"inLanguage\":\"de\",\"@id\":\"https:\/\/cleanersberlin.de\/#\/schema\/logo\/image\/\",\"url\":\"https:\/\/cleanersberlin.de\/wp-content\/uploads\/2025\/08\/Logomitschatten.png\",\"contentUrl\":\"https:\/\/cleanersberlin.de\/wp-content\/uploads\/2025\/08\/Logomitschatten.png\",\"width\":1920,\"height\":781,\"caption\":\"cleanersberlin\"},\"image\":{\"@id\":\"https:\/\/cleanersberlin.de\/#\/schema\/logo\/image\/\"}}]}<\/script>\n<!-- \/ Yoast SEO plugin. -->","yoast_head_json":{"title":"Impressum - cleanersberlin","robots":{"index":"noindex","follow":"follow"},"og_locale":"de_DE","og_type":"article","og_title":"Impressum - cleanersberlin","og_description":"Start Unser Angebot Galerie Kontakt Start Unser Angebot Galerie Kontakt Impressum CleanersBerlin Mariusz Swierkowski +49(0) 174 244 66 24 Kienhorststr. 15013403 Berlin Vertreten durch: \u00a0 \u00a0 Mariusz Swierkowski Elvira Madrezki Kontakt Telefon: 01742446624\u00a0\u00a0E-Mail: info@cleanersberlin.de Redaktionell verantwortlich CleanersBerlinMariusz SwierkowskiKienhorststr. 15013403 Berlin Verbraucher\u00adstreit\u00adbeilegung\/Universal\u00adschlichtungs\u00adstelle Wir sind nicht bereit oder verpflichtet, an Streitbeilegungsverfahren vor einer Verbraucherschlichtungsstelle teilzunehmen. Zentrale Kontaktstelle nach dem Digital Services Act &#8211; DSA (Verordnung (EU) 2022\/265) Unsere zentrale Kontaktstelle f\u00fcr Nutzer und Beh\u00f6rden nach Art. 11, 12 DSA erreichen Sie wie folgt: E-Mail: info@cleanersberlin.deTelefon: 01742446624 Die f\u00fcr den Kontakt zur Verf\u00fcgung stehenden Sprachen sind: Deutsch, Englisch. Quelle: https:\/\/www.e-recht24.de\/impressum-generator.html Impressum | Datenschutz\u00a0 Webauftritt mit\u00a0erstellt mit \u2661 von:","og_url":"https:\/\/cleanersberlin.de\/de\/datenschutz\/","og_site_name":"cleanersberlin","article_modified_time":"2025-11-03T19:54:12+00:00","og_image":[{"url":"https:\/\/cleanersberlin.de\/wp-content\/uploads\/2025\/08\/Logo-scaled-1-1-1024x416.png","type":"","width":"","height":""}],"twitter_card":"summary_large_image","twitter_misc":{"Gesch\u00e4tzte Lesezeit":"2\u00a0Minuten"},"schema":{"@context":"https:\/\/schema.org","@graph":[{"@type":"WebPage","@id":"https:\/\/cleanersberlin.de\/datenschutz\/","url":"https:\/\/cleanersberlin.de\/datenschutz\/","name":"Impressum - cleanersberlin","isPartOf":{"@id":"https:\/\/cleanersberlin.de\/#website"},"primaryImageOfPage":{"@id":"https:\/\/cleanersberlin.de\/datenschutz\/#primaryimage"},"image":{"@id":"https:\/\/cleanersberlin.de\/datenschutz\/#primaryimage"},"thumbnailUrl":"https:\/\/cleanersberlin.de\/wp-content\/uploads\/2025\/08\/Logo-scaled-1-1-1024x416.png","datePublished":"2025-08-03T10:48:53+00:00","dateModified":"2025-11-03T19:54:12+00:00","breadcrumb":{"@id":"https:\/\/cleanersberlin.de\/datenschutz\/#breadcrumb"},"inLanguage":"de","potentialAction":[{"@type":"ReadAction","target":["https:\/\/cleanersberlin.de\/datenschutz\/"]}]},{"@type":"ImageObject","inLanguage":"de","@id":"https:\/\/cleanersberlin.de\/datenschutz\/#primaryimage","url":"https:\/\/cleanersberlin.de\/wp-content\/uploads\/2025\/08\/Logo-scaled-1-1-1024x416.png","contentUrl":"https:\/\/cleanersberlin.de\/wp-content\/uploads\/2025\/08\/Logo-scaled-1-1-1024x416.png"},{"@type":"BreadcrumbList","@id":"https:\/\/cleanersberlin.de\/datenschutz\/#breadcrumb","itemListElement":[{"@type":"ListItem","position":1,"name":"Startseite","item":"https:\/\/cleanersberlin.de\/"},{"@type":"ListItem","position":2,"name":"Impressum"}]},{"@type":"WebSite","@id":"https:\/\/cleanersberlin.de\/#website","url":"https:\/\/cleanersberlin.de\/","name":"cleanersberlin.de","description":"Putzdienst + Gartenarbeit | so fresh so clean!","publisher":{"@id":"https:\/\/cleanersberlin.de\/#organization"},"alternateName":"So fresh so clean mit Cleanersberlin!","potentialAction":[{"@type":"SearchAction","target":{"@type":"EntryPoint","urlTemplate":"https:\/\/cleanersberlin.de\/?s={search_term_string}"},"query-input":{"@type":"PropertyValueSpecification","valueRequired":true,"valueName":"search_term_string"}}],"inLanguage":"de"},{"@type":"Organization","@id":"https:\/\/cleanersberlin.de\/#organization","name":"cleanersberlin","url":"https:\/\/cleanersberlin.de\/","logo":{"@type":"ImageObject","inLanguage":"de","@id":"https:\/\/cleanersberlin.de\/#\/schema\/logo\/image\/","url":"https:\/\/cleanersberlin.de\/wp-content\/uploads\/2025\/08\/Logomitschatten.png","contentUrl":"https:\/\/cleanersberlin.de\/wp-content\/uploads\/2025\/08\/Logomitschatten.png","width":1920,"height":781,"caption":"cleanersberlin"},"image":{"@id":"https:\/\/cleanersberlin.de\/#\/schema\/logo\/image\/"}}]}},"_links":{"self":[{"href":"https:\/\/cleanersberlin.de\/de\/wp-json\/wp\/v2\/pages\/71","targetHints":{"allow":["GET"]}}],"collection":[{"href":"https:\/\/cleanersberlin.de\/de\/wp-json\/wp\/v2\/pages"}],"about":[{"href":"https:\/\/cleanersberlin.de\/de\/wp-json\/wp\/v2\/types\/page"}],"author":[{"embeddable":true,"href":"https:\/\/cleanersberlin.de\/de\/wp-json\/wp\/v2\/users\/1"}],"replies":[{"embeddable":true,"href":"https:\/\/cleanersberlin.de\/de\/wp-json\/wp\/v2\/comments?post=71"}],"version-history":[{"count":0,"href":"https:\/\/cleanersberlin.de\/de\/wp-json\/wp\/v2\/pages\/71\/revisions"}],"wp:attachment":[{"href":"https:\/\/cleanersberlin.de\/de\/wp-json\/wp\/v2\/media?parent=71"}],"curies":[{"name":"wp","href":"https:\/\/api.w.org\/{rel}","templated":true}]}}